{"id":35,"date":"2025-05-29T20:06:29","date_gmt":"2025-05-29T17:06:29","guid":{"rendered":"https:\/\/teknikelektrikyapi.com\/?page_id=35"},"modified":"2025-07-13T23:51:10","modified_gmt":"2025-07-13T20:51:10","slug":"referanslar","status":"publish","type":"page","link":"https:\/\/teknikelektrikyapi.com\/?page_id=35","title":{"rendered":"REFERANSLARIMIZ"},"content":{"rendered":"\t\t<div data-elementor-type=\"wp-post\" data-elementor-id=\"35\" class=\"elementor elementor-35\">\n\t\t\t\t<div class=\"elementor-element elementor-element-877453e e-flex e-con-boxed wpr-particle-no wpr-jarallax-no wpr-parallax-no wpr-sticky-section-no e-con e-parent\" data-id=\"877453e\" data-element_type=\"container\">\n\t\t\t\t\t<div class=\"e-con-inner\">\n\t\t\t\t<div class=\"elementor-element elementor-element-6f25189 elementor-widget elementor-widget-text-editor\" data-id=\"6f25189\" data-element_type=\"widget\" data-widget_type=\"text-editor.default\">\n\t\t\t\t<div class=\"elementor-widget-container\">\n\t\t\t\t\t\t\t\t\t<h2 style=\"text-align: center;\">G\u00dcC\u00dcM\u00dcZ<\/h2><h2 style=\"text-align: center;\">REFERANSLARIMIZ<\/h2>\t\t\t\t\t\t\t\t<\/div>\n\t\t\t\t<\/div>\n\t\t\t\t<div class=\"elementor-element elementor-element-8019ad5 elementor-widget elementor-widget-text-editor\" data-id=\"8019ad5\" data-element_type=\"widget\" data-widget_type=\"text-editor.default\">\n\t\t\t\t<div class=\"elementor-widget-container\">\n\t\t\t\t\t\t\t\t\t<div id=\"text-2351456642\" class=\"text\">\n<h4 style=\"text-align: center;\"><span style=\"color: #000000;\">Hizmet verdi\u011fimiz alanlarda birlikte \u00e7al\u0131\u015ft\u0131\u011f\u0131m\u0131z markalar.<\/span><\/h4>\n<\/div>\t\t\t\t\t\t\t\t<\/div>\n\t\t\t\t<\/div>\n\t\t\t\t\t<\/div>\n\t\t\t\t<\/div>\n\t\t<div class=\"elementor-element elementor-element-5be89c0 e-flex e-con-boxed wpr-particle-no wpr-jarallax-no wpr-parallax-no wpr-sticky-section-no e-con e-parent\" data-id=\"5be89c0\" data-element_type=\"container\">\n\t\t\t\t\t<div class=\"e-con-inner\">\n\t\t\t\t<div class=\"elementor-element elementor-element-f6c4243 elementor-widget-divider--view-line elementor-widget elementor-widget-divider\" data-id=\"f6c4243\" data-element_type=\"widget\" data-widget_type=\"divider.default\">\n\t\t\t\t<div class=\"elementor-widget-container\">\n\t\t\t\t\t\t\t<div class=\"elementor-divider\">\n\t\t\t<span class=\"elementor-divider-separator\">\n\t\t\t\t\t\t<\/span>\n\t\t<\/div>\n\t\t\t\t\t\t<\/div>\n\t\t\t\t<\/div>\n\t\t\t\t<div class=\"elementor-element elementor-element-4f9e161 elementor-widget elementor-widget-html\" data-id=\"4f9e161\" data-element_type=\"widget\" data-widget_type=\"html.default\">\n\t\t\t\t<div class=\"elementor-widget-container\">\n\t\t\t\t\t<div class=\"grid\">\n    <div class=\"referans\">\n        <img decoding=\"async\" src=\"http:\/\/teknikelektrikyapi.com\/wp-content\/uploads\/2025\/05\/indir-3.png\" alt=\"Abramak\">\n        <p>Abramak<\/p>\n    <\/div>\n    <div class=\"referans\">\n        <img decoding=\"async\" src=\"http:\/\/teknikelektrikyapi.com\/wp-content\/uploads\/2025\/05\/indir.jpg\" alt=\"Akta\u015f Enerji\">\n        <p>Akta\u015f Enerji<\/p>\n    <\/div>\n    <div class=\"referans\">\n        <img decoding=\"async\" src=\"http:\/\/teknikelektrikyapi.com\/wp-content\/uploads\/2025\/05\/images.png\" alt=\"ARaymond Turkey\">\n        <p>ARaymond Turkey<\/p>\n    <\/div>\n    <div class=\"referans\">\n        <img decoding=\"async\" src=\"http:\/\/teknikelektrikyapi.com\/wp-content\/uploads\/2025\/05\/indir.png\" alt=\"Areks Kimya\">\n        <p>Areks Kimya<\/p>\n    <\/div>\n    <div class=\"referans\">\n        <img decoding=\"async\" src=\"http:\/\/teknikelektrikyapi.com\/wp-content\/uploads\/2025\/05\/indir-1.png\" alt=\"G\u00f6zen Holding\">\n        <p>G\u00f6zen Holding<\/p>\n    <\/div>\n    <div class=\"referans\">\n        <img decoding=\"async\" src=\"http:\/\/teknikelektrikyapi.com\/wp-content\/uploads\/2025\/05\/indir-2.png\" alt=\"Getir\">\n        <p>Getir Perakende Lojistik A.\u015e.<\/p>\n    <\/div>\n    <div class=\"referans\">\n        <img decoding=\"async\" src=\"http:\/\/teknikelektrikyapi.com\/wp-content\/uploads\/2025\/05\/logo-1-1.png\" alt=\"\u0130smail Demirta\u015f Beton\">\n        <p>\u0130smail Demirta\u015f Beton<\/p>\n    <\/div>\n    <div class=\"referans\">\n        <img decoding=\"async\" src=\"http:\/\/teknikelektrikyapi.com\/wp-content\/uploads\/2025\/05\/images-1.png\" alt=\"Bilim \u0130la\u00e7\">\n        <p>Bilim \u0130la\u00e7<\/p>\n    <\/div>\n    <div class=\"referans\">\n        <img decoding=\"async\" src=\"http:\/\/teknikelektrikyapi.com\/wp-content\/uploads\/2025\/05\/besler-gida.png\" alt=\"Besler G\u0131da\">\n        <p>Besler G\u0131da ve Kimya A.\u015e.<\/p>\n    <\/div>\n    <div class=\"referans\">\n        <img decoding=\"async\" src=\"http:\/\/teknikelektrikyapi.com\/wp-content\/uploads\/2025\/05\/ycinox1.png\" alt=\"YC INOX\">\n        <p>YC INOX TR \u00c7elik<\/p>\n    <\/div>\n    <div class=\"referans\">\n        <img decoding=\"async\" src=\"http:\/\/teknikelektrikyapi.com\/wp-content\/uploads\/2025\/05\/ctech-tusas-en-scaled.jpg\" alt=\"C Tech\">\n        <p>C Tech Bili\u015fim Teknolojileri<\/p>\n    <\/div>\n    <div class=\"referans\">\n        <img decoding=\"async\" src=\"http:\/\/teknikelektrikyapi.com\/wp-content\/uploads\/2025\/05\/images-2.png\" alt=\"Golf Dondurma\">\n        <p>Golf Dondurma<\/p>\n    <\/div>\n    <div class=\"referans\">\n        <img decoding=\"async\" src=\"http:\/\/teknikelektrikyapi.com\/wp-content\/uploads\/2025\/05\/vm-medicalpark.png\" alt=\"VM Medical Park\">\n        <p>VM Medical Park Pendik<\/p>\n    <\/div>\n    <div class=\"referans\">\n        <img decoding=\"async\" src=\"http:\/\/teknikelektrikyapi.com\/wp-content\/uploads\/2025\/05\/Tatil-budur-logo-1.jpg\" alt=\"Tatilbudur\">\n        <p>Tatilbudur<\/p>\n    <\/div>\n    <div class=\"referans\">\n        <img decoding=\"async\" src=\"http:\/\/teknikelektrikyapi.com\/wp-content\/uploads\/2025\/05\/images.jpg\" alt=\"\u015eaml\u0131o\u011flu Grup\">\n        <p>\u015eaml\u0131o\u011flu Grup<\/p>\n    <\/div>\n    <div class=\"referans\">\n        <img decoding=\"async\" src=\"http:\/\/teknikelektrikyapi.com\/wp-content\/uploads\/2025\/05\/images-3.png\" alt=\"Sovos\">\n        <p>Sovos T\u00fcrkiye<\/p>\n    <\/div>\n    <div class=\"referans\">\n        <img decoding=\"async\" src=\"http:\/\/teknikelektrikyapi.com\/wp-content\/uploads\/2025\/05\/images-1.jpg\" alt=\"Sika\">\n        <p>Sika T\u00fcrkiye<\/p>\n    <\/div>\n    <div class=\"referans\">\n        <img decoding=\"async\" src=\"http:\/\/teknikelektrikyapi.com\/wp-content\/uploads\/2025\/05\/MTU_Rolls_Royce_logo_compr.jpg\" alt=\"Rolls Royce\">\n        <p>Rolls Royce Solutions<\/p>\n    <\/div>\n    <div class=\"referans\">\n        <img decoding=\"async\" src=\"http:\/\/teknikelektrikyapi.com\/wp-content\/uploads\/2025\/05\/bayegan_logo.jpg\" alt=\"Bayegan\">\n        <p>Bayegan<\/p>\n    <\/div>\n    <div class=\"referans\">\n        <img decoding=\"async\" src=\"http:\/\/teknikelektrikyapi.com\/wp-content\/uploads\/2025\/05\/meyer-group-logo-kirmizi.png\" alt=\"Meyer\">\n        <p>Meyer<\/p>\n    <\/div>\n    <div class=\"referans\">\n        <img decoding=\"async\" src=\"http:\/\/teknikelektrikyapi.com\/wp-content\/uploads\/2025\/05\/images-4.png\" alt=\"K\u00fclt\u00fcr Koleji\">\n        <p>K\u00fclt\u00fcr Koleji<\/p>\n    <\/div>\n    <div class=\"referans\">\n        <img decoding=\"async\" src=\"http:\/\/teknikelektrikyapi.com\/wp-content\/uploads\/2025\/05\/images-5.png\" alt=\"Kumport\">\n        <p>Kumport<\/p>\n    <\/div>\n    <div class=\"referans\">\n        <img decoding=\"async\" src=\"http:\/\/teknikelektrikyapi.com\/wp-content\/uploads\/2025\/05\/HeasLogo.png.png\" alt=\"HEA\u015e\">\n        <p>HEA\u015e G\u00fc\u00e7 Merkezi<\/p>\n    <\/div>\n    <div class=\"referans\">\n        <img decoding=\"async\" src=\"http:\/\/teknikelektrikyapi.com\/wp-content\/uploads\/2025\/05\/images-6.png\" alt=\"\u00d6zmer\">\n        <p>\u00d6zmer Pastac\u0131l\u0131k A.\u015e.<\/p>\n    <\/div>\n    <div class=\"referans\">\n        <img decoding=\"async\" src=\"http:\/\/teknikelektrikyapi.com\/wp-content\/uploads\/2025\/05\/images-2.jpg\" alt=\"Weir Turkey\">\n        <p>Weir Turkey Mineralleri<\/p>\n    <\/div>\n    <div class=\"referans\">\n        <img decoding=\"async\" src=\"http:\/\/teknikelektrikyapi.com\/wp-content\/uploads\/2025\/05\/4726_farplas.jpg\" alt=\"Farplas\">\n        <p>Farplas Otomotiv A.\u015e.<\/p>\n    <\/div>\n    <div class=\"referans\">\n        <img decoding=\"async\" src=\"http:\/\/teknikelektrikyapi.com\/wp-content\/uploads\/2025\/05\/rexroth-jpg.jpg\" alt=\"Bosch Rexroth\">\n        <p>Bosch Rexroth T\u00fcrkiye<\/p>\n    <\/div>\n    <div class=\"referans\">\n        <img decoding=\"async\" src=\"http:\/\/teknikelektrikyapi.com\/wp-content\/uploads\/2025\/05\/ai_dtk_40584_6022024011611.webp\" alt=\"Estelsan\">\n        <p>ESTELSAN A.\u015e.<\/p>\n    <\/div>\n    <div class=\"referans\">\n        <img decoding=\"async\" src=\"http:\/\/teknikelektrikyapi.com\/wp-content\/uploads\/2025\/05\/images-7.png\" alt=\"Est\u00e9e Lauder\">\n        <p>Est\u00e9e Lauder - ELCA Kozmetik<\/p>\n    <\/div>\n    <div class=\"referans\">\n        <img decoding=\"async\" src=\"http:\/\/teknikelektrikyapi.com\/wp-content\/uploads\/2025\/05\/TOYOTETSULogo.png\" alt=\"Toyotetsu\">\n        <p>TOYOTETSU<\/p>\n    <\/div>\n    <div class=\"referans\">\n        <img decoding=\"async\" src=\"http:\/\/teknikelektrikyapi.com\/wp-content\/uploads\/2025\/05\/images-8.png\" alt=\"CONECTYS\">\n        <p>CONECTYS<\/p>\n    <\/div>\n    <div class=\"referans\">\n        <img decoding=\"async\" src=\"http:\/\/teknikelektrikyapi.com\/wp-content\/uploads\/2025\/05\/images-9.png\" alt=\"Coster Aerosol\">\n        <p>Coster Aerosol Valf<\/p>\n \u00a0\u00a0\u00a0<\/div>\n    <div class=\"referans\">\n        <img decoding=\"async\" src=\"http:\/\/teknikelektrikyapi.com\/wp-content\/uploads\/2025\/06\/b-destek-1229.png\" alt=\"DESTEK PATENT\">\n        <p>Destek Patent<\/p>\n    <\/div>\n    <div class=\"referans\">\n        <img decoding=\"async\" src=\"http:\/\/teknikelektrikyapi.com\/wp-content\/uploads\/2025\/06\/1704877332655.jpeg\" alt=\"\u0130SAPUR PLAST\u0130K\">\n        <p>\u0130sapur Plastik<\/p>\n    <\/div>\n    <div class=\"referans\">\n        <img decoding=\"async\" src=\"http:\/\/teknikelektrikyapi.com\/wp-content\/uploads\/2025\/06\/images-10.png\" alt=\"TOYOTA\">\n        <p>Toyota<\/p>\n    <\/div>\n    <div class=\"referans\">\n        <img src=http:\/\/teknikelektrikyapi.com\/wp-content\/uploads\/2025\/06\/images-11.png\" alt=\"PENGUEN GIDA\">\n        <p>Penguen GIDA<\/p>\n    <\/div>\n    <div class=\"referans\">\n        <img src=http:\/\/teknikelektrikyapi.com\/wp-content\/uploads\/2025\/06\/cms-timeline-logo.jpg\" alt=\"CMS JANT\">\n        <p>CMS Jant<\/p>\n    <\/div>\n    <div class=\"referans\">\n        <img decoding=\"async\" src=\"http:\/\/teknikelektrikyapi.com\/wp-content\/uploads\/2025\/06\/images-12.png\" alt=\"YVES ROCHER\">\n        <p>Yves Rocher<\/p>\n    <\/div>\n    <div class=\"referans\">\n        <img decoding=\"async\" src=\"http:\/\/teknikelektrikyapi.com\/wp-content\/uploads\/2025\/06\/images-13.png\" alt=\"COLEND\u0130\">\n        <p>Colendi<\/p>\n    <\/div>\n    <div class=\"referans\">\n        <img decoding=\"async\" src=\"http:\/\/teknikelektrikyapi.com\/wp-content\/uploads\/2025\/07\/images-14.png\" alt=\"COL\u0130NS\">\n        <p>Colins Genel M\u00fcd\u00fcrl\u00fc\u011f\u00fc<\/p>\n    <\/div>\n    <div class=\"referans\">\n        <img decoding=\"async\" src=\"http:\/\/teknikelektrikyapi.com\/wp-content\/uploads\/2025\/07\/rotilus-logo-1.png\" alt=\"NOT\u0130LUS\">\n        <p>Notilus Proje<\/p>\n    <\/div>\n<\/div>\n\n\n\n\t\t\t\t<\/div>\n\t\t\t\t<\/div>\n\t\t\t\t\t<\/div>\n\t\t\t\t<\/div>\n\t\t\t\t<\/div>\n\t\t","protected":false},"excerpt":{"rendered":"<p>G\u00dcC\u00dcM\u00dcZ REFERANSLARIMIZ Hizmet verdi\u011fimiz alanlarda birlikte \u00e7al\u0131\u015ft\u0131\u011f\u0131m\u0131z markalar. Abramak Akta\u015f Enerji ARaymond Turkey Areks Kimya G\u00f6zen Holding Getir Perakende Lojistik A.\u015e. \u0130smail Demirta\u015f Beton Bilim \u0130la\u00e7 Besler G\u0131da ve Kimya A.\u015e. YC INOX TR \u00c7elik C Tech Bili\u015fim Teknolojileri Golf Dondurma VM Medical Park Pendik Tatilbudur \u015eaml\u0131o\u011flu Grup Sovos T\u00fcrkiye Sika T\u00fcrkiye Rolls Royce Solutions Bayegan Meyer K\u00fclt\u00fcr Koleji Kumport HEA\u015e G\u00fc\u00e7 Merkezi \u00d6zmer Pastac\u0131l\u0131k A.\u015e. Weir Turkey Mineralleri Farplas Otomotiv A.\u015e. Bosch Rexroth T\u00fcrkiye ESTELSAN A.\u015e. Est\u00e9e Lauder &#8211; ELCA Kozmetik TOYOTETSU CONECTYS Coster Aerosol Valf \u00a0\u00a0\u00a0 Destek Patent \u0130sapur Plastik Toyota CMS Jant Yves Rocher Colendi Colins Genel M\u00fcd\u00fcrl\u00fc\u011f\u00fc Notilus Proje<\/p>\n","protected":false},"author":1,"featured_media":0,"parent":0,"menu_order":0,"comment_status":"closed","ping_status":"closed","template":"","meta":{"_uag_custom_page_level_css":"","_monsterinsights_skip_tracking":false,"_monsterinsights_sitenote_active":false,"_monsterinsights_sitenote_note":"","_monsterinsights_sitenote_category":0,"site-sidebar-layout":"no-sidebar","site-content-layout":"","ast-site-content-layout":"full-width-container","site-content-style":"default","site-sidebar-style":"default","ast-global-header-display":"","ast-banner-title-visibility":"","ast-main-header-display":"","ast-hfb-above-header-display":"","ast-hfb-below-header-display":"","ast-hfb-mobile-header-display":"","site-post-title":"disabled","ast-breadcrumbs-content":"","ast-featured-img":"disabled","footer-sml-layout":"","theme-transparent-header-meta":"","adv-header-id-meta":"","stick-header-meta":"","header-above-stick-meta":"","header-main-stick-meta":"","header-below-stick-meta":"","astra-migrate-meta-layouts":"default","ast-page-background-enabled":"default","ast-page-background-meta":{"desktop":{"background-color":"var(--ast-global-color-5)","background-image":"","background-repeat":"repeat","background-position":"center center","background-size":"auto","background-attachment":"scroll","background-type":"","background-media":"","overlay-type":"","overlay-color":"","overlay-opacity":"","overlay-gradient":""},"tablet":{"background-color":"","background-image":"","background-repeat":"repeat","background-position":"center center","background-size":"auto","background-attachment":"scroll","background-type":"","background-media":"","overlay-type":"","overlay-color":"","overlay-opacity":"","overlay-gradient":""},"mobile":{"background-color":"","background-image":"","background-repeat":"repeat","background-position":"center center","background-size":"auto","background-attachment":"scroll","background-type":"","background-media":"","overlay-type":"","overlay-color":"","overlay-opacity":"","overlay-gradient":""}},"ast-content-background-meta":{"desktop":{"background-color":"var(--ast-global-color-4)","background-image":"","background-repeat":"repeat","background-position":"center center","background-size":"auto","background-attachment":"scroll","background-type":"","background-media":"","overlay-type":"","overlay-color":"","overlay-opacity":"","overlay-gradient":""},"tablet":{"background-color":"var(--ast-global-color-4)","background-image":"","background-repeat":"repeat","background-position":"center center","background-size":"auto","background-attachment":"scroll","background-type":"","background-media":"","overlay-type":"","overlay-color":"","overlay-opacity":"","overlay-gradient":""},"mobile":{"background-color":"var(--ast-global-color-4)","background-image":"","background-repeat":"repeat","background-position":"center center","background-size":"auto","background-attachment":"scroll","background-type":"","background-media":"","overlay-type":"","overlay-color":"","overlay-opacity":"","overlay-gradient":""}},"footnotes":""},"class_list":["post-35","page","type-page","status-publish","hentry"],"aioseo_notices":[],"uagb_featured_image_src":{"full":false,"thumbnail":false,"medium":false,"medium_large":false,"large":false,"1536x1536":false,"2048x2048":false},"uagb_author_info":{"display_name":"gkdlismt52@gmail.com","author_link":"https:\/\/teknikelektrikyapi.com\/?author=1"},"uagb_comment_info":0,"uagb_excerpt":"G\u00dcC\u00dcM\u00dcZ REFERANSLARIMIZ Hizmet verdi\u011fimiz alanlarda birlikte \u00e7al\u0131\u015ft\u0131\u011f\u0131m\u0131z markalar. Abramak Akta\u015f Enerji ARaymond Turkey Areks Kimya G\u00f6zen Holding Getir Perakende Lojistik A.\u015e. \u0130smail Demirta\u015f Beton Bilim \u0130la\u00e7 Besler G\u0131da ve Kimya A.\u015e. YC INOX TR \u00c7elik C Tech Bili\u015fim Teknolojileri Golf Dondurma VM Medical Park Pendik Tatilbudur \u015eaml\u0131o\u011flu Grup Sovos T\u00fcrkiye Sika T\u00fcrkiye Rolls Royce Solutions&hellip;","_links":{"self":[{"href":"https:\/\/teknikelektrikyapi.com\/index.php?rest_route=\/wp\/v2\/pages\/35","targetHints":{"allow":["GET"]}}],"collection":[{"href":"https:\/\/teknikelektrikyapi.com\/index.php?rest_route=\/wp\/v2\/pages"}],"about":[{"href":"https:\/\/teknikelektrikyapi.com\/index.php?rest_route=\/wp\/v2\/types\/page"}],"author":[{"embeddable":true,"href":"https:\/\/teknikelektrikyapi.com\/index.php?rest_route=\/wp\/v2\/users\/1"}],"replies":[{"embeddable":true,"href":"https:\/\/teknikelektrikyapi.com\/index.php?rest_route=%2Fwp%2Fv2%2Fcomments&post=35"}],"version-history":[{"count":14,"href":"https:\/\/teknikelektrikyapi.com\/index.php?rest_route=\/wp\/v2\/pages\/35\/revisions"}],"predecessor-version":[{"id":412,"href":"https:\/\/teknikelektrikyapi.com\/index.php?rest_route=\/wp\/v2\/pages\/35\/revisions\/412"}],"wp:attachment":[{"href":"https:\/\/teknikelektrikyapi.com\/index.php?rest_route=%2Fwp%2Fv2%2Fmedia&parent=35"}],"curies":[{"name":"wp","href":"https:\/\/api.w.org\/{rel}","templated":true}]}}