{"id":135,"date":"2025-05-30T19:10:14","date_gmt":"2025-05-30T16:10:14","guid":{"rendered":"https:\/\/teknikelektrikyapi.com\/?page_id=135"},"modified":"2025-09-20T00:32:16","modified_gmt":"2025-09-19T21:32:16","slug":"hakkimizda","status":"publish","type":"page","link":"https:\/\/teknikelektrikyapi.com\/?page_id=135","title":{"rendered":"Hakk\u0131m\u0131zda"},"content":{"rendered":"\t\t<div data-elementor-type=\"wp-page\" data-elementor-id=\"135\" class=\"elementor elementor-135\">\n\t\t\t\t<div class=\"elementor-element elementor-element-eb53ed4 e-flex e-con-boxed wpr-particle-no wpr-jarallax-no wpr-parallax-no wpr-sticky-section-no e-con e-parent\" data-id=\"eb53ed4\" data-element_type=\"container\">\n\t\t\t\t\t<div class=\"e-con-inner\">\n\t\t\t\t<div class=\"elementor-element elementor-element-727c60f elementor-widget elementor-widget-elementskit-heading\" data-id=\"727c60f\" data-element_type=\"widget\" data-widget_type=\"elementskit-heading.default\">\n\t\t\t\t<div class=\"elementor-widget-container\">\n\t\t\t\t\t<div class=\"ekit-wid-con\" ><div class=\"ekit-heading elementskit-section-title-wraper text_center   ekit_heading_tablet-   ekit_heading_mobile-\"><h2 class=\"ekit-heading--title elementskit-section-title \">TEKN\u0130K ELEKTR\u0130K YAPI<\/h2><div class=\"ekit_heading_separetor_wraper ekit_heading_elementskit-border-divider\"><div class=\"elementskit-border-divider\"><\/div><\/div><h3 class=\"ekit-heading--subtitle elementskit-section-subtitle  \">\n\t\t\t\t\t\tGelece\u011fi izlemiyoruz , gelece\u011fi tasarl\u0131yoruz.\n\t\t\t\t\t<\/h3><\/div><\/div>\t\t\t\t<\/div>\n\t\t\t\t<\/div>\n\t\t\t\t\t<\/div>\n\t\t\t\t<\/div>\n\t\t<div class=\"elementor-element elementor-element-166e4fd e-flex e-con-boxed wpr-particle-no wpr-jarallax-no wpr-parallax-no wpr-sticky-section-no e-con e-parent\" data-id=\"166e4fd\" data-element_type=\"container\">\n\t\t\t\t\t<div class=\"e-con-inner\">\n\t\t\t\t<div class=\"elementor-element elementor-element-61380de elementor-widget elementor-widget-text-editor\" data-id=\"61380de\" data-element_type=\"widget\" data-widget_type=\"text-editor.default\">\n\t\t\t\t<div class=\"elementor-widget-container\">\n\t\t\t\t\t\t\t\t\t<p style=\"text-align: center;\"><span style=\"color: #000000;\">Teknik Elektrik Yap\u0131 , elektrik ,yap\u0131 sistemleri, dekorasyon uygulamalar\u0131 ve anahtar teslim projeleri ba\u015fta olmak \u00fczere, in\u015faat ve taahh\u00fct sekt\u00f6r\u00fcnde faaliyet g\u00f6steren bir yap\u0131 firmas\u0131d\u0131r. Kurulu\u015fu 2011 itibaren kalite, g\u00fcvenilirlik ve s\u00fcrd\u00fcr\u00fclebilirlik ilkelerini temel alarak, m\u00fc\u015fteri odakl\u0131 hizmet anlay\u0131\u015f\u0131yla \u00e7al\u0131\u015fmalar\u0131n\u0131 s\u00fcrd\u00fcrmektedir.<\/span><\/p><p style=\"text-align: center;\"><span style=\"color: #000000;\">Firmam\u0131z; g\u00fc\u00e7l\u00fc m\u00fchendislik altyap\u0131s\u0131, uzman teknik personeli ve proje y\u00f6netimi konusundaki deneyimi ile \u00f6zel sekt\u00f6r ve kamu kurumlar\u0131na y\u00f6nelik bir\u00e7ok projeyi ba\u015far\u0131yla tamamlam\u0131\u015ft\u0131r. Her projeye \u00f6zel \u00e7\u00f6z\u00fcm sunan yap\u0131m\u0131z sayesinde, hem teknik hem de estetik beklentileri kar\u015f\u0131layan y\u00fcksek standartl\u0131 hizmetler sunmaktay\u0131z.<\/span><\/p><p style=\"text-align: center;\"><span style=\"color: #000000;\">Faaliyet g\u00f6sterdi\u011fimiz t\u00fcm alanlarda yasal mevzuata, teknik \u015fartnamelere ve uluslararas\u0131 kalite standartlar\u0131na uygunluk ilkesinden \u00f6d\u00fcn vermeden \u00e7al\u0131\u015f\u0131yor; teknolojik geli\u015fmeleri yak\u0131ndan takip ederek s\u00fcrekli geli\u015fimi temel alan bir y\u00f6netim anlay\u0131\u015f\u0131 benimsiyoruz.<\/span><\/p><p style=\"text-align: center;\"><span style=\"color: #000000; font-size: 1rem;\">Teknik Elektrik Yap\u0131<\/span><span style=\"color: #000000;\">\u00a0olarak hedefimiz; g\u00fcvenilir i\u015f orta\u011f\u0131 olma sorumlulu\u011fuyla hareket ederek, her \u00f6l\u00e7ekteki projeye katma de\u011fer sa\u011flamak ve sekt\u00f6rdeki sayg\u0131n konumumuzu daha da ileri ta\u015f\u0131makt\u0131r<\/span><\/p>\t\t\t\t\t\t\t\t<\/div>\n\t\t\t\t<\/div>\n\t\t\t\t\t<\/div>\n\t\t\t\t<\/div>\n\t\t<div class=\"elementor-element elementor-element-8379ba1 e-flex e-con-boxed wpr-particle-no wpr-jarallax-no wpr-parallax-no wpr-sticky-section-no e-con e-parent\" data-id=\"8379ba1\" data-element_type=\"container\">\n\t\t\t\t\t<div class=\"e-con-inner\">\n\t\t<div class=\"elementor-element elementor-element-405b298 e-con-full e-flex wpr-particle-no wpr-jarallax-no wpr-parallax-no wpr-sticky-section-no e-con e-child\" data-id=\"405b298\" data-element_type=\"container\" data-settings=\"{&quot;background_background&quot;:&quot;classic&quot;}\">\n\t\t\t\t<div class=\"elementor-element elementor-element-5c83324 elementor-widget elementor-widget-elementskit-heading\" data-id=\"5c83324\" data-element_type=\"widget\" data-widget_type=\"elementskit-heading.default\">\n\t\t\t\t<div class=\"elementor-widget-container\">\n\t\t\t\t\t<div class=\"ekit-wid-con\" ><div class=\"ekit-heading elementskit-section-title-wraper text_left   ekit_heading_tablet-   ekit_heading_mobile-\"><h3 class=\"ekit-heading--title elementskit-section-title \">Vizyonumuz<\/h3><div class=\"ekit_heading_separetor_wraper ekit_heading_elementskit-border-divider\"><div class=\"elementskit-border-divider\"><\/div><\/div><\/div><\/div>\t\t\t\t<\/div>\n\t\t\t\t<\/div>\n\t\t\t\t<div class=\"elementor-element elementor-element-049a01f elementor-widget elementor-widget-text-editor\" data-id=\"049a01f\" data-element_type=\"widget\" data-widget_type=\"text-editor.default\">\n\t\t\t\t<div class=\"elementor-widget-container\">\n\t\t\t\t\t\t\t\t\t<p style=\"text-align: left;\"><span style=\"color: #ffffff;\">Elektrik ,yap\u0131, dekorasyon sistemleri ve anahtar teslim i\u015f alanlar\u0131nda sekt\u00f6re y\u00f6n veren, teknolojiyi ve m\u00fchendisli\u011fi estetikle birle\u015ftiren projelere imza atan, g\u00fcvenilir ve \u00f6nc\u00fc\u00a0bir\u00a0firma\u00a0olmak.<\/span><\/p>\t\t\t\t\t\t\t\t<\/div>\n\t\t\t\t<\/div>\n\t\t\t\t<\/div>\n\t\t<div class=\"elementor-element elementor-element-51c4055 e-con-full e-flex wpr-particle-no wpr-jarallax-no wpr-parallax-no wpr-sticky-section-no e-con e-child\" data-id=\"51c4055\" data-element_type=\"container\" data-settings=\"{&quot;background_background&quot;:&quot;classic&quot;}\">\n\t\t\t\t<div class=\"elementor-element elementor-element-3b75ded elementor-widget elementor-widget-elementskit-heading\" data-id=\"3b75ded\" data-element_type=\"widget\" data-widget_type=\"elementskit-heading.default\">\n\t\t\t\t<div class=\"elementor-widget-container\">\n\t\t\t\t\t<div class=\"ekit-wid-con\" ><div class=\"ekit-heading elementskit-section-title-wraper text_left   ekit_heading_tablet-   ekit_heading_mobile-\"><h3 class=\"ekit-heading--title elementskit-section-title \">Misyonumuz<\/h3><div class=\"ekit_heading_separetor_wraper ekit_heading_elementskit-border-divider\"><div class=\"elementskit-border-divider\"><\/div><\/div><\/div><\/div>\t\t\t\t<\/div>\n\t\t\t\t<\/div>\n\t\t\t\t<div class=\"elementor-element elementor-element-5b99dd3 elementor-widget elementor-widget-text-editor\" data-id=\"5b99dd3\" data-element_type=\"widget\" data-widget_type=\"text-editor.default\">\n\t\t\t\t<div class=\"elementor-widget-container\">\n\t\t\t\t\t\t\t\t\t<p style=\"text-align: left;\"><span style=\"color: #000000;\">M\u00fc\u015fterilerimize; kaliteli, s\u00fcrd\u00fcr\u00fclebilir ve i\u015f g\u00fcvenli\u011fi odakl\u0131 m\u00fchendislik hizmetleri sunarak, sekt\u00f6rdeki ihtiya\u00e7lara h\u0131zl\u0131 ve etkili \u00e7\u00f6z\u00fcmler \u00fcretmek.<\/span><br \/><span style=\"color: #000000;\">Her projede zaman\u0131nda teslim, y\u00fcksek teknik standartlar ve tam m\u00fc\u015fteri memnuniyeti ilkeleriyle hareket ederek uzun vadeli i\u015f ortakl\u0131klar\u0131\u00a0kurmak<\/span><\/p>\t\t\t\t\t\t\t\t<\/div>\n\t\t\t\t<\/div>\n\t\t\t\t<\/div>\n\t\t\t\t\t<\/div>\n\t\t\t\t<\/div>\n\t\t\t\t<\/div>\n\t\t","protected":false},"excerpt":{"rendered":"<p>TEKN\u0130K ELEKTR\u0130K YAPI Gelece\u011fi izlemiyoruz , gelece\u011fi tasarl\u0131yoruz. Teknik Elektrik Yap\u0131 , elektrik ,yap\u0131 sistemleri, dekorasyon uygulamalar\u0131 ve anahtar teslim projeleri ba\u015fta olmak \u00fczere, in\u015faat ve taahh\u00fct sekt\u00f6r\u00fcnde faaliyet g\u00f6steren bir yap\u0131 firmas\u0131d\u0131r. Kurulu\u015fu 2011 itibaren kalite, g\u00fcvenilirlik ve s\u00fcrd\u00fcr\u00fclebilirlik ilkelerini temel alarak, m\u00fc\u015fteri odakl\u0131 hizmet anlay\u0131\u015f\u0131yla \u00e7al\u0131\u015fmalar\u0131n\u0131 s\u00fcrd\u00fcrmektedir. Firmam\u0131z; g\u00fc\u00e7l\u00fc m\u00fchendislik altyap\u0131s\u0131, uzman teknik personeli ve proje y\u00f6netimi konusundaki deneyimi ile \u00f6zel sekt\u00f6r ve kamu kurumlar\u0131na y\u00f6nelik bir\u00e7ok projeyi ba\u015far\u0131yla tamamlam\u0131\u015ft\u0131r. Her projeye \u00f6zel \u00e7\u00f6z\u00fcm sunan yap\u0131m\u0131z sayesinde, hem teknik hem de estetik beklentileri kar\u015f\u0131layan y\u00fcksek standartl\u0131 hizmetler sunmaktay\u0131z. Faaliyet g\u00f6sterdi\u011fimiz t\u00fcm alanlarda yasal mevzuata, teknik \u015fartnamelere ve uluslararas\u0131 kalite standartlar\u0131na uygunluk ilkesinden \u00f6d\u00fcn vermeden \u00e7al\u0131\u015f\u0131yor; teknolojik geli\u015fmeleri yak\u0131ndan takip ederek s\u00fcrekli geli\u015fimi temel alan bir y\u00f6netim anlay\u0131\u015f\u0131 benimsiyoruz. Teknik Elektrik Yap\u0131\u00a0olarak hedefimiz; g\u00fcvenilir i\u015f orta\u011f\u0131 olma sorumlulu\u011fuyla hareket ederek, her \u00f6l\u00e7ekteki projeye katma de\u011fer sa\u011flamak ve sekt\u00f6rdeki sayg\u0131n konumumuzu daha da ileri ta\u015f\u0131makt\u0131r Vizyonumuz Elektrik ,yap\u0131, dekorasyon sistemleri ve anahtar teslim i\u015f alanlar\u0131nda sekt\u00f6re y\u00f6n veren, teknolojiyi ve m\u00fchendisli\u011fi estetikle birle\u015ftiren projelere imza atan, g\u00fcvenilir ve \u00f6nc\u00fc\u00a0bir\u00a0firma\u00a0olmak. Misyonumuz M\u00fc\u015fterilerimize; kaliteli, s\u00fcrd\u00fcr\u00fclebilir ve i\u015f g\u00fcvenli\u011fi odakl\u0131 m\u00fchendislik hizmetleri sunarak, sekt\u00f6rdeki ihtiya\u00e7lara h\u0131zl\u0131 ve etkili \u00e7\u00f6z\u00fcmler \u00fcretmek.Her projede zaman\u0131nda teslim, y\u00fcksek teknik standartlar ve tam m\u00fc\u015fteri memnuniyeti ilkeleriyle hareket ederek uzun vadeli i\u015f ortakl\u0131klar\u0131\u00a0kurmak<\/p>\n","protected":false},"author":1,"featured_media":0,"parent":0,"menu_order":0,"comment_status":"closed","ping_status":"closed","template":"","meta":{"_uag_custom_page_level_css":"","_monsterinsights_skip_tracking":false,"_monsterinsights_sitenote_active":false,"_monsterinsights_sitenote_note":"","_monsterinsights_sitenote_category":0,"site-sidebar-layout":"no-sidebar","site-content-layout":"","ast-site-content-layout":"full-width-container","site-content-style":"default","site-sidebar-style":"default","ast-global-header-display":"","ast-banner-title-visibility":"","ast-main-header-display":"","ast-hfb-above-header-display":"","ast-hfb-below-header-display":"","ast-hfb-mobile-header-display":"","site-post-title":"disabled","ast-breadcrumbs-content":"","ast-featured-img":"disabled","footer-sml-layout":"","theme-transparent-header-meta":"","adv-header-id-meta":"","stick-header-meta":"","header-above-stick-meta":"","header-main-stick-meta":"","header-below-stick-meta":"","astra-migrate-meta-layouts":"default","ast-page-background-enabled":"default","ast-page-background-meta":{"desktop":{"background-color":"var(--ast-global-color-5)","background-image":"","background-repeat":"repeat","background-position":"center center","background-size":"auto","background-attachment":"scroll","background-type":"","background-media":"","overlay-type":"","overlay-color":"","overlay-opacity":"","overlay-gradient":""},"tablet":{"background-color":"","background-image":"","background-repeat":"repeat","background-position":"center center","background-size":"auto","background-attachment":"scroll","background-type":"","background-media":"","overlay-type":"","overlay-color":"","overlay-opacity":"","overlay-gradient":""},"mobile":{"background-color":"","background-image":"","background-repeat":"repeat","background-position":"center center","background-size":"auto","background-attachment":"scroll","background-type":"","background-media":"","overlay-type":"","overlay-color":"","overlay-opacity":"","overlay-gradient":""}},"ast-content-background-meta":{"desktop":{"background-color":"var(--ast-global-color-4)","background-image":"","background-repeat":"repeat","background-position":"center center","background-size":"auto","background-attachment":"scroll","background-type":"","background-media":"","overlay-type":"","overlay-color":"","overlay-opacity":"","overlay-gradient":""},"tablet":{"background-color":"var(--ast-global-color-4)","background-image":"","background-repeat":"repeat","background-position":"center center","background-size":"auto","background-attachment":"scroll","background-type":"","background-media":"","overlay-type":"","overlay-color":"","overlay-opacity":"","overlay-gradient":""},"mobile":{"background-color":"var(--ast-global-color-4)","background-image":"","background-repeat":"repeat","background-position":"center center","background-size":"auto","background-attachment":"scroll","background-type":"","background-media":"","overlay-type":"","overlay-color":"","overlay-opacity":"","overlay-gradient":""}},"footnotes":""},"class_list":["post-135","page","type-page","status-publish","hentry"],"aioseo_notices":[],"uagb_featured_image_src":{"full":false,"thumbnail":false,"medium":false,"medium_large":false,"large":false,"1536x1536":false,"2048x2048":false},"uagb_author_info":{"display_name":"gkdlismt52@gmail.com","author_link":"https:\/\/teknikelektrikyapi.com\/?author=1"},"uagb_comment_info":0,"uagb_excerpt":"TEKN\u0130K ELEKTR\u0130K YAPI Gelece\u011fi izlemiyoruz , gelece\u011fi tasarl\u0131yoruz. Teknik Elektrik Yap\u0131 , elektrik ,yap\u0131 sistemleri, dekorasyon uygulamalar\u0131 ve anahtar teslim projeleri ba\u015fta olmak \u00fczere, in\u015faat ve taahh\u00fct sekt\u00f6r\u00fcnde faaliyet g\u00f6steren bir yap\u0131 firmas\u0131d\u0131r. Kurulu\u015fu 2011 itibaren kalite, g\u00fcvenilirlik ve s\u00fcrd\u00fcr\u00fclebilirlik ilkelerini temel alarak, m\u00fc\u015fteri odakl\u0131 hizmet anlay\u0131\u015f\u0131yla \u00e7al\u0131\u015fmalar\u0131n\u0131 s\u00fcrd\u00fcrmektedir. Firmam\u0131z; g\u00fc\u00e7l\u00fc m\u00fchendislik altyap\u0131s\u0131, uzman teknik&hellip;","_links":{"self":[{"href":"https:\/\/teknikelektrikyapi.com\/index.php?rest_route=\/wp\/v2\/pages\/135","targetHints":{"allow":["GET"]}}],"collection":[{"href":"https:\/\/teknikelektrikyapi.com\/index.php?rest_route=\/wp\/v2\/pages"}],"about":[{"href":"https:\/\/teknikelektrikyapi.com\/index.php?rest_route=\/wp\/v2\/types\/page"}],"author":[{"embeddable":true,"href":"https:\/\/teknikelektrikyapi.com\/index.php?rest_route=\/wp\/v2\/users\/1"}],"replies":[{"embeddable":true,"href":"https:\/\/teknikelektrikyapi.com\/index.php?rest_route=%2Fwp%2Fv2%2Fcomments&post=135"}],"version-history":[{"count":7,"href":"https:\/\/teknikelektrikyapi.com\/index.php?rest_route=\/wp\/v2\/pages\/135\/revisions"}],"predecessor-version":[{"id":424,"href":"https:\/\/teknikelektrikyapi.com\/index.php?rest_route=\/wp\/v2\/pages\/135\/revisions\/424"}],"wp:attachment":[{"href":"https:\/\/teknikelektrikyapi.com\/index.php?rest_route=%2Fwp%2Fv2%2Fmedia&parent=135"}],"curies":[{"name":"wp","href":"https:\/\/api.w.org\/{rel}","templated":true}]}}